{"id":254,"date":"2015-02-09T08:10:31","date_gmt":"2015-02-09T08:10:31","guid":{"rendered":"http:\/\/demo.themegrill.com\/ample\/?page_id=8"},"modified":"2025-03-26T21:12:46","modified_gmt":"2025-03-26T20:12:46","slug":"contact","status":"publish","type":"page","link":"https:\/\/damiengrea.fr\/index.php\/contact\/","title":{"rendered":"Contact"},"content":{"rendered":"<blockquote>\n<p>Ce formulaire de contact a \u00e9t\u00e9 cr\u00e9\u00e9 gr\u00e2ce \u00e0 <a href=\"https:\/\/wordpress.org\/plugins\/everest-forms\/\" target=\"_blank\" rel=\"noopener nofollow noreferrer\">Everest Forms<\/a>.<\/p>\n<\/blockquote>\n\n<div class=\"everest-forms\"><div class=\"evf-container default\" id=\"evf-230\"><form id=\"evf-form-230\" class=\"everest-form\" data-formid=\"230\" data-ajax_submission=\"0\" data-keyboard_friendly_form=\"0\" data-form_state_type=\"\" method=\"post\" enctype=\"multipart\/form-data\" action=\"\/index.php\/wp-json\/wp\/v2\/pages\/254\"><div class=\"evf-field-container\"><input type=\"hidden\" id=\"_wpnonce230\" name=\"_wpnonce230\" value=\"55215c849e\" \/><input type=\"hidden\" name=\"_wp_http_referer\" value=\"\/index.php\/wp-json\/wp\/v2\/pages\/254\" \/><div class=\"evf-frontend-row\" data-row=\"row_1\" conditional_rules=\"[]\"><div class=\"evf-frontend-grid evf-grid-1\" data-grid=\"grid_1\"><div id=\"evf-230-field_vPmCbR81vM-3-container\" class=\"evf-field evf-field-checkbox form-row validate-required\" data-required-field-message=\"Ce champ est n\u00e9cessaire.\" data-field-id=\"vPmCbR81vM-3\"><label class=\"evf-field-label\" for=\"evf-230-field_vPmCbR81vM-3\"><span class=\"evf-label\">Je suis...<\/span> <abbr class=\"required\" title=\"N\u00e9cessaire\">*<\/abbr><\/label><ul id=\"evf-230-field_vPmCbR81vM-3\" class=\" evf-field-required\"><li class=\"choice-1 depth-1\"><input type=\"checkbox\" id=\"evf-230-field_vPmCbR81vM-3_1\" class=\"input-text\" name=\"everest_forms[form_fields][vPmCbR81vM-3][]\" value=\"un particulier\" required ><label class=\"everest-forms-field-label-inline\" for=\"evf-230-field_vPmCbR81vM-3_1\">un particulier<\/label><\/li><li class=\"choice-2 depth-1\"><input type=\"checkbox\" id=\"evf-230-field_vPmCbR81vM-3_2\" class=\"input-text\" name=\"everest_forms[form_fields][vPmCbR81vM-3][]\" value=\"une entreprise\" required ><label class=\"everest-forms-field-label-inline\" for=\"evf-230-field_vPmCbR81vM-3_2\">une entreprise<\/label><\/li><li class=\"choice-3 depth-1\"><input type=\"checkbox\" id=\"evf-230-field_vPmCbR81vM-3_3\" class=\"input-text\" name=\"everest_forms[form_fields][vPmCbR81vM-3][]\" value=\"une association\" required ><label class=\"everest-forms-field-label-inline\" for=\"evf-230-field_vPmCbR81vM-3_3\">une association<\/label><\/li><\/ul><\/div><div id=\"evf-230-field_name-container\" class=\"evf-field evf-field-text form-row validate-required\" data-required-field-message=\"Ce champ est n\u00e9cessaire.\" data-field-id=\"name\"><label class=\"evf-field-label\" for=\"evf-230-field_name\"><span class=\"evf-label\">Nom<\/span> <abbr class=\"required\" title=\"N\u00e9cessaire\">*<\/abbr><\/label><input type=\"text\" id=\"evf-230-field_name\" class=\"input-text\" name=\"everest_forms[form_fields][name]\" required><\/div><div id=\"evf-230-field_MZJM2F3Se8-1-container\" class=\"evf-field evf-field-first-name form-row validate-required\" data-required-field-message=\"Ce champ est n\u00e9cessaire.\" data-field-id=\"MZJM2F3Se8-1\"><label class=\"evf-field-label\" for=\"evf-230-field_MZJM2F3Se8-1\"><span class=\"evf-label\">Pr\u00e9noms<\/span> <abbr class=\"required\" title=\"N\u00e9cessaire\">*<\/abbr><\/label><input type=\"text\" id=\"evf-230-field_MZJM2F3Se8-1\" class=\"input-text\" name=\"everest_forms[form_fields][MZJM2F3Se8-1]\" required><\/div><div id=\"evf-230-field_email-container\" class=\"evf-field evf-field-email form-row validate-required validate-email\" data-required-field-message=\"Merci d&#039;entrer une adresse email valide\" data-field-id=\"email\"><label class=\"evf-field-label\" for=\"evf-230-field_email\"><span class=\"evf-label\">Email<\/span> <abbr class=\"required\" title=\"N\u00e9cessaire\">*<\/abbr><\/label><input type=\"email\" id=\"evf-230-field_email\" class=\"input-text\" name=\"everest_forms[form_fields][email]\" required ><\/div><div id=\"evf-230-field_dsMD0nlHgD-4-container\" class=\"evf-field evf-field-phone form-row validate-required validate-phone\" data-required-field-message=\"\" data-field-id=\"dsMD0nlHgD-4\"><label class=\"evf-field-label\" for=\"evf-230-field_dsMD0nlHgD-4\"><span class=\"evf-label\">T\u00e9l\u00e9phone<\/span> <abbr class=\"required\" title=\"N\u00e9cessaire\">*<\/abbr><\/label><input type=\"tel\" id=\"evf-230-field_dsMD0nlHgD-4\" class=\"input-text evf-smart-phone-field\" data-rule-smart-phone-field=\"true\" name=\"everest_forms[form_fields][dsMD0nlHgD-4]\" required><\/div><div id=\"evf-230-field_subject-container\" class=\"evf-field evf-field-text form-row validate-required\" data-required-field-message=\"Ce champ est n\u00e9cessaire.\" data-field-id=\"subject\"><label class=\"evf-field-label\" for=\"evf-230-field_subject\"><span class=\"evf-label\">Sujet<\/span> <abbr class=\"required\" title=\"N\u00e9cessaire\">*<\/abbr><\/label><input type=\"text\" id=\"evf-230-field_subject\" class=\"input-text\" name=\"everest_forms[form_fields][subject]\" required><\/div><div id=\"evf-230-field_message-container\" class=\"evf-field evf-field-textarea form-row validate-required\" data-required-field-message=\"Ce champ est n\u00e9cessaire.\" data-field-id=\"message\"><label class=\"evf-field-label\" for=\"evf-230-field_message\"><span class=\"evf-label\">Message<\/span> <abbr class=\"required\" title=\"N\u00e9cessaire\">*<\/abbr><\/label><textarea id=\"evf-230-field_message\" class=\"input-text\" name=\"everest_forms[form_fields][message]\" required ><\/textarea><\/div><\/div><\/div><\/div><div class=\"evf-honeypot-container evf-field-hp\"><label for=\"evf-230-field-hp\" class=\"evf-field-label\">Message<\/label><input type=\"text\" name=\"everest_forms[hp]\" id=\"evf-230-field-hp\" class=\"input-text\"><\/div><div class=\"evf-submit-container \" ><input type=\"hidden\" name=\"everest_forms[id]\" value=\"230\"><input type=\"hidden\" name=\"everest_forms[author]\" value=\"1\"><button type='submit' name='everest_forms[submit]' class='everest-forms-submit-button button evf-submit ' id='evf-submit-230' value='evf-submit' data-process-text=\"Envoi...\" conditional_rules='&quot;&quot;' conditional_id='evf-submit-230'  id=\"evf-submit-230\" aria-live=\"assertive\">Envoyer<\/button><\/div><\/form><\/div><!-- .evf-container --><\/div>\n","protected":false},"excerpt":{"rendered":"<p>Ce formulaire de contact a \u00e9t\u00e9 cr\u00e9\u00e9 gr\u00e2ce \u00e0 Everest Forms.<\/p>\n","protected":false},"author":1,"featured_media":0,"parent":0,"menu_order":0,"comment_status":"closed","ping_status":"closed","template":"page-templates\/template-contact.php","meta":{"footnotes":""},"class_list":["post-254","page","type-page","status-publish","hentry"],"yoast_head":"<!-- This site is optimized with the Yoast SEO plugin v27.3 - https:\/\/yoast.com\/product\/yoast-seo-wordpress\/ -->\n<title>Contact - Damien GREA<\/title>\n<meta name=\"robots\" content=\"index, follow, max-snippet:-1, max-image-preview:large, max-video-preview:-1\" \/>\n<link rel=\"canonical\" href=\"https:\/\/damiengrea.fr\/index.php\/contact\/\" \/>\n<meta property=\"og:locale\" content=\"fr_FR\" \/>\n<meta property=\"og:type\" content=\"article\" \/>\n<meta property=\"og:title\" content=\"Contact - Damien GREA\" \/>\n<meta property=\"og:description\" content=\"Ce formulaire de contact a \u00e9t\u00e9 cr\u00e9\u00e9 gr\u00e2ce \u00e0 Everest Forms.\" \/>\n<meta property=\"og:url\" content=\"https:\/\/damiengrea.fr\/index.php\/contact\/\" \/>\n<meta property=\"og:site_name\" content=\"Damien GREA\" \/>\n<meta property=\"article:modified_time\" content=\"2025-03-26T20:12:46+00:00\" \/>\n<meta name=\"twitter:card\" content=\"summary_large_image\" \/>\n<meta name=\"twitter:site\" content=\"@DG_informatique\" \/>\n<script type=\"application\/ld+json\" class=\"yoast-schema-graph\">{\"@context\":\"https:\\\/\\\/schema.org\",\"@graph\":[{\"@type\":\"WebPage\",\"@id\":\"https:\\\/\\\/damiengrea.fr\\\/index.php\\\/contact\\\/\",\"url\":\"https:\\\/\\\/damiengrea.fr\\\/index.php\\\/contact\\\/\",\"name\":\"Contact - Damien GREA\",\"isPartOf\":{\"@id\":\"https:\\\/\\\/damiengrea.fr\\\/#website\"},\"datePublished\":\"2015-02-09T08:10:31+00:00\",\"dateModified\":\"2025-03-26T20:12:46+00:00\",\"breadcrumb\":{\"@id\":\"https:\\\/\\\/damiengrea.fr\\\/index.php\\\/contact\\\/#breadcrumb\"},\"inLanguage\":\"fr-FR\",\"potentialAction\":[{\"@type\":\"ReadAction\",\"target\":[\"https:\\\/\\\/damiengrea.fr\\\/index.php\\\/contact\\\/\"]}]},{\"@type\":\"BreadcrumbList\",\"@id\":\"https:\\\/\\\/damiengrea.fr\\\/index.php\\\/contact\\\/#breadcrumb\",\"itemListElement\":[{\"@type\":\"ListItem\",\"position\":1,\"name\":\"Accueil\",\"item\":\"https:\\\/\\\/damiengrea.fr\\\/\"},{\"@type\":\"ListItem\",\"position\":2,\"name\":\"Contact\"}]},{\"@type\":\"WebSite\",\"@id\":\"https:\\\/\\\/damiengrea.fr\\\/#website\",\"url\":\"https:\\\/\\\/damiengrea.fr\\\/\",\"name\":\"Damien GREA\",\"description\":\"Votre partenaire informatique\",\"publisher\":{\"@id\":\"https:\\\/\\\/damiengrea.fr\\\/#organization\"},\"potentialAction\":[{\"@type\":\"SearchAction\",\"target\":{\"@type\":\"EntryPoint\",\"urlTemplate\":\"https:\\\/\\\/damiengrea.fr\\\/?s={search_term_string}\"},\"query-input\":{\"@type\":\"PropertyValueSpecification\",\"valueRequired\":true,\"valueName\":\"search_term_string\"}}],\"inLanguage\":\"fr-FR\"},{\"@type\":\"Organization\",\"@id\":\"https:\\\/\\\/damiengrea.fr\\\/#organization\",\"name\":\"Damien GREA\",\"url\":\"https:\\\/\\\/damiengrea.fr\\\/\",\"logo\":{\"@type\":\"ImageObject\",\"inLanguage\":\"fr-FR\",\"@id\":\"https:\\\/\\\/damiengrea.fr\\\/#\\\/schema\\\/logo\\\/image\\\/\",\"url\":\"https:\\\/\\\/damiengrea.fr\\\/wp-content\\\/uploads\\\/2025\\\/03\\\/cropped-cropped-2.png\",\"contentUrl\":\"https:\\\/\\\/damiengrea.fr\\\/wp-content\\\/uploads\\\/2025\\\/03\\\/cropped-cropped-2.png\",\"width\":391,\"height\":365,\"caption\":\"Damien GREA\"},\"image\":{\"@id\":\"https:\\\/\\\/damiengrea.fr\\\/#\\\/schema\\\/logo\\\/image\\\/\"},\"sameAs\":[\"https:\\\/\\\/x.com\\\/DG_informatique\"]}]}<\/script>\n<!-- \/ Yoast SEO plugin. -->","yoast_head_json":{"title":"Contact - Damien GREA","robots":{"index":"index","follow":"follow","max-snippet":"max-snippet:-1","max-image-preview":"max-image-preview:large","max-video-preview":"max-video-preview:-1"},"canonical":"https:\/\/damiengrea.fr\/index.php\/contact\/","og_locale":"fr_FR","og_type":"article","og_title":"Contact - Damien GREA","og_description":"Ce formulaire de contact a \u00e9t\u00e9 cr\u00e9\u00e9 gr\u00e2ce \u00e0 Everest Forms.","og_url":"https:\/\/damiengrea.fr\/index.php\/contact\/","og_site_name":"Damien GREA","article_modified_time":"2025-03-26T20:12:46+00:00","twitter_card":"summary_large_image","twitter_site":"@DG_informatique","schema":{"@context":"https:\/\/schema.org","@graph":[{"@type":"WebPage","@id":"https:\/\/damiengrea.fr\/index.php\/contact\/","url":"https:\/\/damiengrea.fr\/index.php\/contact\/","name":"Contact - Damien GREA","isPartOf":{"@id":"https:\/\/damiengrea.fr\/#website"},"datePublished":"2015-02-09T08:10:31+00:00","dateModified":"2025-03-26T20:12:46+00:00","breadcrumb":{"@id":"https:\/\/damiengrea.fr\/index.php\/contact\/#breadcrumb"},"inLanguage":"fr-FR","potentialAction":[{"@type":"ReadAction","target":["https:\/\/damiengrea.fr\/index.php\/contact\/"]}]},{"@type":"BreadcrumbList","@id":"https:\/\/damiengrea.fr\/index.php\/contact\/#breadcrumb","itemListElement":[{"@type":"ListItem","position":1,"name":"Accueil","item":"https:\/\/damiengrea.fr\/"},{"@type":"ListItem","position":2,"name":"Contact"}]},{"@type":"WebSite","@id":"https:\/\/damiengrea.fr\/#website","url":"https:\/\/damiengrea.fr\/","name":"Damien GREA","description":"Votre partenaire informatique","publisher":{"@id":"https:\/\/damiengrea.fr\/#organization"},"potentialAction":[{"@type":"SearchAction","target":{"@type":"EntryPoint","urlTemplate":"https:\/\/damiengrea.fr\/?s={search_term_string}"},"query-input":{"@type":"PropertyValueSpecification","valueRequired":true,"valueName":"search_term_string"}}],"inLanguage":"fr-FR"},{"@type":"Organization","@id":"https:\/\/damiengrea.fr\/#organization","name":"Damien GREA","url":"https:\/\/damiengrea.fr\/","logo":{"@type":"ImageObject","inLanguage":"fr-FR","@id":"https:\/\/damiengrea.fr\/#\/schema\/logo\/image\/","url":"https:\/\/damiengrea.fr\/wp-content\/uploads\/2025\/03\/cropped-cropped-2.png","contentUrl":"https:\/\/damiengrea.fr\/wp-content\/uploads\/2025\/03\/cropped-cropped-2.png","width":391,"height":365,"caption":"Damien GREA"},"image":{"@id":"https:\/\/damiengrea.fr\/#\/schema\/logo\/image\/"},"sameAs":["https:\/\/x.com\/DG_informatique"]}]}},"_links":{"self":[{"href":"https:\/\/damiengrea.fr\/index.php\/wp-json\/wp\/v2\/pages\/254","targetHints":{"allow":["GET"]}}],"collection":[{"href":"https:\/\/damiengrea.fr\/index.php\/wp-json\/wp\/v2\/pages"}],"about":[{"href":"https:\/\/damiengrea.fr\/index.php\/wp-json\/wp\/v2\/types\/page"}],"author":[{"embeddable":true,"href":"https:\/\/damiengrea.fr\/index.php\/wp-json\/wp\/v2\/users\/1"}],"replies":[{"embeddable":true,"href":"https:\/\/damiengrea.fr\/index.php\/wp-json\/wp\/v2\/comments?post=254"}],"version-history":[{"count":2,"href":"https:\/\/damiengrea.fr\/index.php\/wp-json\/wp\/v2\/pages\/254\/revisions"}],"predecessor-version":[{"id":444,"href":"https:\/\/damiengrea.fr\/index.php\/wp-json\/wp\/v2\/pages\/254\/revisions\/444"}],"wp:attachment":[{"href":"https:\/\/damiengrea.fr\/index.php\/wp-json\/wp\/v2\/media?parent=254"}],"curies":[{"name":"wp","href":"https:\/\/api.w.org\/{rel}","templated":true}]}}