{"id":3,"date":"2025-03-26T11:13:36","date_gmt":"2025-03-26T10:13:36","guid":{"rendered":"http:\/\/damient.cluster100.hosting.ovh.net\/?page_id=3"},"modified":"2026-01-02T17:10:21","modified_gmt":"2026-01-02T16:10:21","slug":"politique-de-confidentialite","status":"publish","type":"page","link":"https:\/\/damiengrea.fr\/index.php\/politique-de-confidentialite\/","title":{"rendered":"Politique de confidentialit\u00e9"},"content":{"rendered":"\n<p>Derni\u00e8re mise \u00e0 jour : 29\/03\/2025<\/p>\n\n\n\n<p><strong>1. Responsable du traitement<\/strong><br>Damien GREA<br>siret: 90902232900025<br>contact@damiengrea.fr<\/p>\n\n\n\n<p><strong>2. Donn\u00e9es collect\u00e9es et finalit\u00e9s<\/strong><br>Les seules donn\u00e9es personnelles collect\u00e9es sur ce site sont celles que vous fournissez via le formulaire de contact et l\u2019inscription \u00e0 la newsletter. Ces donn\u00e9es sont utilis\u00e9es uniquement pour :<\/p>\n\n\n\n<ul class=\"wp-block-list\">\n<li>R\u00e9pondre \u00e0 votre demande et \u00e9tablir un devis.<\/li>\n\n\n\n<li>Vous envoyer des informations et actualit\u00e9s via la newsletter, si vous y avez souscrit.<\/li>\n<\/ul>\n\n\n\n<p><strong>3. Base l\u00e9gale du traitement<\/strong><br>Le traitement des donn\u00e9es repose sur :<\/p>\n\n\n\n<ul class=\"wp-block-list\">\n<li>Votre consentement (formulaire de contact et inscription \u00e0 la newsletter).<\/li>\n\n\n\n<li>L\u2019ex\u00e9cution de mesures pr\u00e9contractuelles (\u00e9tablissement d\u2019un devis ou envoi de factures).<\/li>\n<\/ul>\n\n\n\n<p><strong>4. Dur\u00e9e de conservation des donn\u00e9es<\/strong><br>Les donn\u00e9es collect\u00e9es via le formulaire de contact sont conserv\u00e9es jusqu\u2019\u00e0 ce que vous demandiez leur suppression. Vous pouvez exercer ce droit \u00e0 tout moment en envoyant un email \u00e0 : contact@damiengrea.fr.<\/p>\n\n\n\n<p><strong>5. Destinataires des donn\u00e9es<\/strong><br>Les donn\u00e9es collect\u00e9es ne sont en aucun cas vendues ou partag\u00e9es avec des tiers. Elles sont stock\u00e9es de mani\u00e8re s\u00e9curis\u00e9e et accessibles uniquement par moi-m\u00eame.<\/p>\n\n\n\n<p><strong>6. S\u00e9curit\u00e9 des donn\u00e9es<\/strong><br>Le site est s\u00e9curis\u00e9 via un certificat SSL (HTTPS), garantissant le chiffrement des \u00e9changes et la protection de vos donn\u00e9es.<\/p>\n\n\n\n<p><strong>7. Vos droits<\/strong><br>Conform\u00e9ment au R\u00e8glement G\u00e9n\u00e9ral sur la Protection des Donn\u00e9es (RGPD), vous disposez des droits suivants :<\/p>\n\n\n\n<ul class=\"wp-block-list\">\n<li>Acc\u00e8s, rectification et suppression de vos donn\u00e9es.<\/li>\n\n\n\n<li>Opposition et limitation du traitement de vos donn\u00e9es.<\/li>\n\n\n\n<li>Portabilit\u00e9 de vos donn\u00e9es.<br>Vous pouvez exercer ces droits en envoyant une demande par email \u00e0 contact@damiengrea.fr.<\/li>\n<\/ul>\n\n\n\n<p><strong>8. R\u00e9clamation<\/strong><br>Si vous estimez que vos droits ne sont pas respect\u00e9s, vous pouvez d\u00e9poser une r\u00e9clamation aupr\u00e8s de la <strong>CNIL<\/strong> (Commission Nationale de l\u2019Informatique et des Libert\u00e9s) sur <a href=\"http:\/\/www.cnil.fr\" data-type=\"link\" data-id=\"www.cnil.fr\">www.cnil.fr<\/a>.<\/p>\n\n\n\n<p><\/p>\n","protected":false},"excerpt":{"rendered":"<p>Derni\u00e8re mise \u00e0 jour : 29\/03\/2025 1. Responsable du traitementDamien GREAsiret: 90902232900025contact@damiengrea.fr 2. Donn\u00e9es collect\u00e9es et finalit\u00e9sLes seules donn\u00e9es personnelles collect\u00e9es sur ce site sont celles que vous fournissez via le formulaire de contact et l\u2019inscription \u00e0 la newsletter. Ces donn\u00e9es sont utilis\u00e9es uniquement pour : 3. Base l\u00e9gale du traitementLe traitement des donn\u00e9es repose [&hellip;]<\/p>\n","protected":false},"author":1,"featured_media":0,"parent":0,"menu_order":0,"comment_status":"closed","ping_status":"closed","template":"","meta":{"footnotes":""},"class_list":["post-3","page","type-page","status-publish","hentry"],"yoast_head":"<!-- This site is optimized with the Yoast SEO plugin v27.3 - https:\/\/yoast.com\/product\/yoast-seo-wordpress\/ -->\n<title>Politique de confidentialit\u00e9 - Damien GREA<\/title>\n<meta name=\"robots\" content=\"index, follow, max-snippet:-1, max-image-preview:large, max-video-preview:-1\" \/>\n<link rel=\"canonical\" href=\"https:\/\/damiengrea.fr\/index.php\/politique-de-confidentialite\/\" \/>\n<meta property=\"og:locale\" content=\"fr_FR\" \/>\n<meta property=\"og:type\" content=\"article\" \/>\n<meta property=\"og:title\" content=\"Politique de confidentialit\u00e9 - Damien GREA\" \/>\n<meta property=\"og:description\" content=\"Derni\u00e8re mise \u00e0 jour : 29\/03\/2025 1. Responsable du traitementDamien GREAsiret: 90902232900025contact@damiengrea.fr 2. Donn\u00e9es collect\u00e9es et finalit\u00e9sLes seules donn\u00e9es personnelles collect\u00e9es sur ce site sont celles que vous fournissez via le formulaire de contact et l\u2019inscription \u00e0 la newsletter. Ces donn\u00e9es sont utilis\u00e9es uniquement pour : 3. Base l\u00e9gale du traitementLe traitement des donn\u00e9es repose [&hellip;]\" \/>\n<meta property=\"og:url\" content=\"https:\/\/damiengrea.fr\/index.php\/politique-de-confidentialite\/\" \/>\n<meta property=\"og:site_name\" content=\"Damien GREA\" \/>\n<meta property=\"article:modified_time\" content=\"2026-01-02T16:10:21+00:00\" \/>\n<meta name=\"twitter:card\" content=\"summary_large_image\" \/>\n<meta name=\"twitter:site\" content=\"@DG_informatique\" \/>\n<meta name=\"twitter:label1\" content=\"Dur\u00e9e de lecture estim\u00e9e\" \/>\n\t<meta name=\"twitter:data1\" content=\"2 minutes\" \/>\n<script type=\"application\/ld+json\" class=\"yoast-schema-graph\">{\"@context\":\"https:\\\/\\\/schema.org\",\"@graph\":[{\"@type\":\"WebPage\",\"@id\":\"https:\\\/\\\/damiengrea.fr\\\/index.php\\\/politique-de-confidentialite\\\/\",\"url\":\"https:\\\/\\\/damiengrea.fr\\\/index.php\\\/politique-de-confidentialite\\\/\",\"name\":\"Politique de confidentialit\u00e9 - Damien GREA\",\"isPartOf\":{\"@id\":\"https:\\\/\\\/damiengrea.fr\\\/#website\"},\"datePublished\":\"2025-03-26T10:13:36+00:00\",\"dateModified\":\"2026-01-02T16:10:21+00:00\",\"breadcrumb\":{\"@id\":\"https:\\\/\\\/damiengrea.fr\\\/index.php\\\/politique-de-confidentialite\\\/#breadcrumb\"},\"inLanguage\":\"fr-FR\",\"potentialAction\":[{\"@type\":\"ReadAction\",\"target\":[\"https:\\\/\\\/damiengrea.fr\\\/index.php\\\/politique-de-confidentialite\\\/\"]}]},{\"@type\":\"BreadcrumbList\",\"@id\":\"https:\\\/\\\/damiengrea.fr\\\/index.php\\\/politique-de-confidentialite\\\/#breadcrumb\",\"itemListElement\":[{\"@type\":\"ListItem\",\"position\":1,\"name\":\"Accueil\",\"item\":\"https:\\\/\\\/damiengrea.fr\\\/\"},{\"@type\":\"ListItem\",\"position\":2,\"name\":\"Politique de confidentialit\u00e9\"}]},{\"@type\":\"WebSite\",\"@id\":\"https:\\\/\\\/damiengrea.fr\\\/#website\",\"url\":\"https:\\\/\\\/damiengrea.fr\\\/\",\"name\":\"Damien GREA\",\"description\":\"Votre partenaire informatique\",\"publisher\":{\"@id\":\"https:\\\/\\\/damiengrea.fr\\\/#organization\"},\"potentialAction\":[{\"@type\":\"SearchAction\",\"target\":{\"@type\":\"EntryPoint\",\"urlTemplate\":\"https:\\\/\\\/damiengrea.fr\\\/?s={search_term_string}\"},\"query-input\":{\"@type\":\"PropertyValueSpecification\",\"valueRequired\":true,\"valueName\":\"search_term_string\"}}],\"inLanguage\":\"fr-FR\"},{\"@type\":\"Organization\",\"@id\":\"https:\\\/\\\/damiengrea.fr\\\/#organization\",\"name\":\"Damien GREA\",\"url\":\"https:\\\/\\\/damiengrea.fr\\\/\",\"logo\":{\"@type\":\"ImageObject\",\"inLanguage\":\"fr-FR\",\"@id\":\"https:\\\/\\\/damiengrea.fr\\\/#\\\/schema\\\/logo\\\/image\\\/\",\"url\":\"https:\\\/\\\/damiengrea.fr\\\/wp-content\\\/uploads\\\/2025\\\/03\\\/cropped-cropped-2.png\",\"contentUrl\":\"https:\\\/\\\/damiengrea.fr\\\/wp-content\\\/uploads\\\/2025\\\/03\\\/cropped-cropped-2.png\",\"width\":391,\"height\":365,\"caption\":\"Damien GREA\"},\"image\":{\"@id\":\"https:\\\/\\\/damiengrea.fr\\\/#\\\/schema\\\/logo\\\/image\\\/\"},\"sameAs\":[\"https:\\\/\\\/x.com\\\/DG_informatique\"]}]}<\/script>\n<!-- \/ Yoast SEO plugin. -->","yoast_head_json":{"title":"Politique de confidentialit\u00e9 - Damien GREA","robots":{"index":"index","follow":"follow","max-snippet":"max-snippet:-1","max-image-preview":"max-image-preview:large","max-video-preview":"max-video-preview:-1"},"canonical":"https:\/\/damiengrea.fr\/index.php\/politique-de-confidentialite\/","og_locale":"fr_FR","og_type":"article","og_title":"Politique de confidentialit\u00e9 - Damien GREA","og_description":"Derni\u00e8re mise \u00e0 jour : 29\/03\/2025 1. Responsable du traitementDamien GREAsiret: 90902232900025contact@damiengrea.fr 2. Donn\u00e9es collect\u00e9es et finalit\u00e9sLes seules donn\u00e9es personnelles collect\u00e9es sur ce site sont celles que vous fournissez via le formulaire de contact et l\u2019inscription \u00e0 la newsletter. Ces donn\u00e9es sont utilis\u00e9es uniquement pour : 3. Base l\u00e9gale du traitementLe traitement des donn\u00e9es repose [&hellip;]","og_url":"https:\/\/damiengrea.fr\/index.php\/politique-de-confidentialite\/","og_site_name":"Damien GREA","article_modified_time":"2026-01-02T16:10:21+00:00","twitter_card":"summary_large_image","twitter_site":"@DG_informatique","twitter_misc":{"Dur\u00e9e de lecture estim\u00e9e":"2 minutes"},"schema":{"@context":"https:\/\/schema.org","@graph":[{"@type":"WebPage","@id":"https:\/\/damiengrea.fr\/index.php\/politique-de-confidentialite\/","url":"https:\/\/damiengrea.fr\/index.php\/politique-de-confidentialite\/","name":"Politique de confidentialit\u00e9 - Damien GREA","isPartOf":{"@id":"https:\/\/damiengrea.fr\/#website"},"datePublished":"2025-03-26T10:13:36+00:00","dateModified":"2026-01-02T16:10:21+00:00","breadcrumb":{"@id":"https:\/\/damiengrea.fr\/index.php\/politique-de-confidentialite\/#breadcrumb"},"inLanguage":"fr-FR","potentialAction":[{"@type":"ReadAction","target":["https:\/\/damiengrea.fr\/index.php\/politique-de-confidentialite\/"]}]},{"@type":"BreadcrumbList","@id":"https:\/\/damiengrea.fr\/index.php\/politique-de-confidentialite\/#breadcrumb","itemListElement":[{"@type":"ListItem","position":1,"name":"Accueil","item":"https:\/\/damiengrea.fr\/"},{"@type":"ListItem","position":2,"name":"Politique de confidentialit\u00e9"}]},{"@type":"WebSite","@id":"https:\/\/damiengrea.fr\/#website","url":"https:\/\/damiengrea.fr\/","name":"Damien GREA","description":"Votre partenaire informatique","publisher":{"@id":"https:\/\/damiengrea.fr\/#organization"},"potentialAction":[{"@type":"SearchAction","target":{"@type":"EntryPoint","urlTemplate":"https:\/\/damiengrea.fr\/?s={search_term_string}"},"query-input":{"@type":"PropertyValueSpecification","valueRequired":true,"valueName":"search_term_string"}}],"inLanguage":"fr-FR"},{"@type":"Organization","@id":"https:\/\/damiengrea.fr\/#organization","name":"Damien GREA","url":"https:\/\/damiengrea.fr\/","logo":{"@type":"ImageObject","inLanguage":"fr-FR","@id":"https:\/\/damiengrea.fr\/#\/schema\/logo\/image\/","url":"https:\/\/damiengrea.fr\/wp-content\/uploads\/2025\/03\/cropped-cropped-2.png","contentUrl":"https:\/\/damiengrea.fr\/wp-content\/uploads\/2025\/03\/cropped-cropped-2.png","width":391,"height":365,"caption":"Damien GREA"},"image":{"@id":"https:\/\/damiengrea.fr\/#\/schema\/logo\/image\/"},"sameAs":["https:\/\/x.com\/DG_informatique"]}]}},"_links":{"self":[{"href":"https:\/\/damiengrea.fr\/index.php\/wp-json\/wp\/v2\/pages\/3","targetHints":{"allow":["GET"]}}],"collection":[{"href":"https:\/\/damiengrea.fr\/index.php\/wp-json\/wp\/v2\/pages"}],"about":[{"href":"https:\/\/damiengrea.fr\/index.php\/wp-json\/wp\/v2\/types\/page"}],"author":[{"embeddable":true,"href":"https:\/\/damiengrea.fr\/index.php\/wp-json\/wp\/v2\/users\/1"}],"replies":[{"embeddable":true,"href":"https:\/\/damiengrea.fr\/index.php\/wp-json\/wp\/v2\/comments?post=3"}],"version-history":[{"count":3,"href":"https:\/\/damiengrea.fr\/index.php\/wp-json\/wp\/v2\/pages\/3\/revisions"}],"predecessor-version":[{"id":566,"href":"https:\/\/damiengrea.fr\/index.php\/wp-json\/wp\/v2\/pages\/3\/revisions\/566"}],"wp:attachment":[{"href":"https:\/\/damiengrea.fr\/index.php\/wp-json\/wp\/v2\/media?parent=3"}],"curies":[{"name":"wp","href":"https:\/\/api.w.org\/{rel}","templated":true}]}}