{"id":476,"date":"2025-03-28T12:23:55","date_gmt":"2025-03-28T11:23:55","guid":{"rendered":"https:\/\/damiengrea.fr\/?page_id=476"},"modified":"2026-03-31T17:58:42","modified_gmt":"2026-03-31T15:58:42","slug":"professionnels","status":"publish","type":"page","link":"https:\/\/damiengrea.fr\/index.php\/professionnels\/","title":{"rendered":"professionnels: services \/ tarifs"},"content":{"rendered":"\n<div class=\"wp-block-group alignfull has-global-padding is-content-justification-center is-layout-constrained wp-container-core-group-is-layout-df757ecc wp-block-group-is-layout-constrained\" style=\"margin-top:0;margin-bottom:0;padding-top:calc( 0.5 * var(--wp--style--root--padding-right, var(--wp--custom--gap--horizontal)));padding-right:var(--wp--style--root--padding-right, var(--wp--custom--gap--horizontal));padding-bottom:calc( 0.5 * var(--wp--style--root--padding-right, var(--wp--custom--gap--horizontal)));padding-left:var(--wp--style--root--padding-left, var(--wp--custom--gap--horizontal))\">\n<div style=\"height:calc( 0.25 * var(--wp--style--root--padding-right, var(--wp--custom--gap--horizontal)))\" aria-hidden=\"true\" class=\"wp-block-spacer\"><\/div>\n\n\n\n<div class=\"wp-block-cover is-light\"><img loading=\"lazy\" decoding=\"async\" width=\"1024\" height=\"1024\" class=\"wp-block-cover__image-background wp-image-567 size-full\" alt=\"\" src=\"https:\/\/damiengrea.fr\/wp-content\/uploads\/2026\/01\/Gemini_Generated_Image_q7pwrbq7pwrbq7pw.png\" data-object-fit=\"cover\" srcset=\"https:\/\/damiengrea.fr\/wp-content\/uploads\/2026\/01\/Gemini_Generated_Image_q7pwrbq7pwrbq7pw.png 1024w, https:\/\/damiengrea.fr\/wp-content\/uploads\/2026\/01\/Gemini_Generated_Image_q7pwrbq7pwrbq7pw-300x300.png 300w, https:\/\/damiengrea.fr\/wp-content\/uploads\/2026\/01\/Gemini_Generated_Image_q7pwrbq7pwrbq7pw-150x150.png 150w, https:\/\/damiengrea.fr\/wp-content\/uploads\/2026\/01\/Gemini_Generated_Image_q7pwrbq7pwrbq7pw-768x768.png 768w\" sizes=\"auto, (max-width: 1024px) 100vw, 1024px\" \/><span aria-hidden=\"true\" class=\"wp-block-cover__background has-background-dim\" style=\"background-color:#a1988e\"><\/span><div class=\"wp-block-cover__inner-container has-global-padding is-layout-constrained wp-block-cover-is-layout-constrained\">\n<p class=\"has-text-align-center has-large-font-size\"><strong><mark style=\"background-color:rgba(0, 0, 0, 0)\" class=\"has-inline-color has-base-2-color\">Professionnels : services et tarifs<\/mark><\/strong><\/p>\n<\/div><\/div>\n\n\n\n<div class=\"wp-block-group alignwide is-layout-flow wp-container-core-group-is-layout-afcb1702 wp-block-group-is-layout-flow\" style=\"margin-top:0;margin-bottom:0;padding-top:3%;padding-right:0%;padding-bottom:10%;padding-left:5%\">\n<h3 class=\"wp-block-heading\"><strong>\u25b6 Vous \u00eates une TPE ou PME et n&rsquo;avez pas de service informatique<\/strong><\/h3>\n\n\n\n<p><\/p>\n\n\n\n<p>En tant que TPE ou PME sans service informatique interne, vous avez besoin d\u2019une gestion fiable et efficace de vos syst\u00e8mes informatiques car il est un des moteurs de votre activit\u00e9. Je vous propose trois offres de support informatique:<\/p>\n<\/div>\n\n\n\n<div data-wp-context=\"{ &quot;autoclose&quot;: false, &quot;accordionItems&quot;: [] }\" data-wp-interactive=\"core\/accordion\" role=\"group\" class=\"wp-block-accordion is-layout-flow wp-block-accordion-is-layout-flow\">\n<div data-wp-class--is-open=\"state.isOpen\" data-wp-context=\"{ &quot;id&quot;: &quot;accordion-item-1&quot;, &quot;openByDefault&quot;: false }\" data-wp-init=\"callbacks.initAccordionItems\" data-wp-on-window--hashchange=\"callbacks.hashChange\" class=\"wp-block-accordion-item is-layout-flow wp-block-accordion-item-is-layout-flow\">\n<h3 class=\"wp-block-accordion-heading\"><button aria-expanded=\"false\" aria-controls=\"accordion-item-1-panel\" data-wp-bind--aria-expanded=\"state.isOpen\" data-wp-on--click=\"actions.toggle\" data-wp-on--keydown=\"actions.handleKeyDown\" id=\"accordion-item-1\" type=\"button\" class=\"wp-block-accordion-heading__toggle\"><span class=\"wp-block-accordion-heading__toggle-title\"><strong>Offre 1: BASE<\/strong><\/span><span class=\"wp-block-accordion-heading__toggle-icon\" aria-hidden=\"true\">+<\/span><\/button><\/h3>\n\n\n\n<div inert aria-labelledby=\"accordion-item-1\" data-wp-bind--inert=\"!state.isOpen\" id=\"accordion-item-1-panel\" role=\"region\" class=\"wp-block-accordion-panel is-layout-flow wp-block-accordion-panel-is-layout-flow\">\n<p><strong>La surveillance proactive pour les budgets serr\u00e9s.<\/strong><\/p>\n\n\n\n<ul class=\"wp-block-list\">\n<li><strong>Tarif : 25 \u20ac \/ mois par poste<\/strong><\/li>\n\n\n\n<li><strong>Id\u00e9al pour :<\/strong> Les entreprises qui veulent une s\u00e9curit\u00e9 de base sans engagement de support.<\/li>\n\n\n\n<li><strong>Inclus :<\/strong>\n<ul class=\"wp-block-list\">\n<li>Surveillance 24h\/24 (Alertes pannes, disque dur, processeur, antivirus, sauvegarde).<\/li>\n\n\n\n<li>Mises \u00e0 jour de s\u00e9curit\u00e9 critiques automatis\u00e9es.<\/li>\n<\/ul>\n<\/li>\n\n\n\n<li><strong>Support :<\/strong> Factur\u00e9 \u00e0 l&rsquo;intervention (80 \u20ac HT \/ heure).<\/li>\n<\/ul>\n<\/div>\n<\/div>\n<\/div>\n\n\n\n<div data-wp-context=\"{ &quot;autoclose&quot;: false, &quot;accordionItems&quot;: [] }\" data-wp-interactive=\"core\/accordion\" role=\"group\" class=\"wp-block-accordion is-layout-flow wp-block-accordion-is-layout-flow\">\n<div data-wp-class--is-open=\"state.isOpen\" data-wp-context=\"{ &quot;id&quot;: &quot;accordion-item-2&quot;, &quot;openByDefault&quot;: false }\" data-wp-init=\"callbacks.initAccordionItems\" data-wp-on-window--hashchange=\"callbacks.hashChange\" class=\"wp-block-accordion-item is-layout-flow wp-block-accordion-item-is-layout-flow\">\n<h3 class=\"wp-block-accordion-heading\"><button aria-expanded=\"false\" aria-controls=\"accordion-item-2-panel\" data-wp-bind--aria-expanded=\"state.isOpen\" data-wp-on--click=\"actions.toggle\" data-wp-on--keydown=\"actions.handleKeyDown\" id=\"accordion-item-2\" type=\"button\" class=\"wp-block-accordion-heading__toggle\"><span class=\"wp-block-accordion-heading__toggle-title\"><strong>Offre 2 : CONFORT <\/strong><\/span><span class=\"wp-block-accordion-heading__toggle-icon\" aria-hidden=\"true\">+<\/span><\/button><\/h3>\n\n\n\n<div inert aria-labelledby=\"accordion-item-2\" data-wp-bind--inert=\"!state.isOpen\" id=\"accordion-item-2-panel\" role=\"region\" class=\"wp-block-accordion-panel is-layout-flow wp-block-accordion-panel-is-layout-flow\">\n<p><strong>Votre service informatique externalis\u00e9 en illimit\u00e9.<\/strong><\/p>\n\n\n\n<ul class=\"wp-block-list\">\n<li><strong>Tarif : 45 \u20ac \/ mois par poste<\/strong><\/li>\n\n\n\n<li><strong>Id\u00e9al pour :<\/strong> PME de 5 \u00e0 25 salari\u00e9s (Garage, Cabinet Comptable, Notaire).<\/li>\n\n\n\n<li><strong>Inclus :<\/strong>\n<ul class=\"wp-block-list\">\n<li>Tout le pack de BASE.<\/li>\n\n\n\n<li>Support \u00e0 distance illimit\u00e9 (D\u00e9pannage par t\u00e9l\u00e9phone et prise en main).<\/li>\n\n\n\n<li>Nettoyage et optimisation mensuelle des PC.<\/li>\n\n\n\n<li>Rapport de sant\u00e9 mensuel de votre parc.<\/li>\n<\/ul>\n<\/li>\n\n\n\n<li><strong>D\u00e9placement :<\/strong> Une visite de contr\u00f4le offerte par trimestre.<\/li>\n<\/ul>\n<\/div>\n<\/div>\n<\/div>\n\n\n\n<div data-wp-context=\"{ &quot;autoclose&quot;: false, &quot;accordionItems&quot;: [] }\" data-wp-interactive=\"core\/accordion\" role=\"group\" class=\"wp-block-accordion is-layout-flow wp-block-accordion-is-layout-flow\">\n<div data-wp-class--is-open=\"state.isOpen\" data-wp-context=\"{ &quot;id&quot;: &quot;accordion-item-3&quot;, &quot;openByDefault&quot;: false }\" data-wp-init=\"callbacks.initAccordionItems\" data-wp-on-window--hashchange=\"callbacks.hashChange\" class=\"wp-block-accordion-item is-layout-flow wp-block-accordion-item-is-layout-flow\">\n<h3 class=\"wp-block-accordion-heading\"><button aria-expanded=\"false\" aria-controls=\"accordion-item-3-panel\" data-wp-bind--aria-expanded=\"state.isOpen\" data-wp-on--click=\"actions.toggle\" data-wp-on--keydown=\"actions.handleKeyDown\" id=\"accordion-item-3\" type=\"button\" class=\"wp-block-accordion-heading__toggle\"><span class=\"wp-block-accordion-heading__toggle-title\"><strong>Offre 3 : PREMIUM<\/strong><\/span><span class=\"wp-block-accordion-heading__toggle-icon\" aria-hidden=\"true\">+<\/span><\/button><\/h3>\n\n\n\n<div inert aria-labelledby=\"accordion-item-3\" data-wp-bind--inert=\"!state.isOpen\" id=\"accordion-item-3-panel\" role=\"region\" class=\"wp-block-accordion-panel is-layout-flow wp-block-accordion-panel-is-layout-flow\">\n<p><strong>La haute disponibilit\u00e9 et la s\u00e9curit\u00e9 renforc\u00e9e.<\/strong><\/p>\n\n\n\n<ul class=\"wp-block-list\">\n<li><strong>Tarif : 65 \u20ac \/ mois par poste<\/strong><\/li>\n\n\n\n<li><strong>Id\u00e9al pour :<\/strong> Entreprises avec donn\u00e9es sensibles ou gros volume d&rsquo;activit\u00e9.<\/li>\n\n\n\n<li><strong>Inclus :<\/strong>\n<ul class=\"wp-block-list\">\n<li>Tout le pack CONFORT.<\/li>\n\n\n\n<li>D\u00e9lai d&rsquo;intervention prioritaire (Moins de 2h).<\/li>\n\n\n\n<li>Visite mensuelle sur site pour faire le point.<\/li>\n\n\n\n<li>Conseil strat\u00e9gique et accompagnement aux achats mat\u00e9riel.<\/li>\n<\/ul>\n<\/li>\n<\/ul>\n<\/div>\n<\/div>\n<\/div>\n\n\n\n<div data-wp-context=\"{ &quot;autoclose&quot;: false, &quot;accordionItems&quot;: [] }\" data-wp-interactive=\"core\/accordion\" role=\"group\" class=\"wp-block-accordion is-layout-flow wp-block-accordion-is-layout-flow\">\n<div data-wp-class--is-open=\"state.isOpen\" data-wp-context=\"{ &quot;id&quot;: &quot;accordion-item-4&quot;, &quot;openByDefault&quot;: false }\" data-wp-init=\"callbacks.initAccordionItems\" data-wp-on-window--hashchange=\"callbacks.hashChange\" class=\"wp-block-accordion-item is-layout-flow wp-block-accordion-item-is-layout-flow\">\n<h3 class=\"wp-block-accordion-heading\"><button aria-expanded=\"false\" aria-controls=\"accordion-item-4-panel\" data-wp-bind--aria-expanded=\"state.isOpen\" data-wp-on--click=\"actions.toggle\" data-wp-on--keydown=\"actions.handleKeyDown\" id=\"accordion-item-4\" type=\"button\" class=\"wp-block-accordion-heading__toggle\"><span class=\"wp-block-accordion-heading__toggle-title\">\u00c0 savoir (Tarifs et exclusions)<\/span><span class=\"wp-block-accordion-heading__toggle-icon\" aria-hidden=\"true\">+<\/span><\/button><\/h3>\n\n\n\n<div inert aria-labelledby=\"accordion-item-4\" data-wp-bind--inert=\"!state.isOpen\" id=\"accordion-item-4-panel\" role=\"region\" class=\"wp-block-accordion-panel is-layout-flow wp-block-accordion-panel-is-layout-flow\">\n<p><strong>Tarif minimum:<\/strong> Les tarifs s&rsquo;entendent par poste informatique, avec un minimum de facturation \u00e9quivalent \u00e0 3 postes selon la formule choisie, afin de garantir une disponibilit\u00e9 et une r\u00e9activit\u00e9 maximale de votre support d\u00e9di\u00e9. <br>(exemple en offre BASE: pour 1 a 4 postes, tarif 100\u20ac mensuel, pour 5 postes: tarif 125\u20ac mensuel)<\/p>\n\n\n\n<p><strong>Exclusions :<\/strong> Le co\u00fbt des pi\u00e8ces mat\u00e9rielles et les projets exceptionnels (d\u00e9m\u00e9nagement, nouveau mat\u00e9riel etc.) font l&rsquo;objet d&rsquo;un devis s\u00e9par\u00e9.<\/p>\n<\/div>\n<\/div>\n<\/div>\n\n\n\n<div class=\"wp-block-group alignwide is-layout-flow wp-container-core-group-is-layout-afcb1702 wp-block-group-is-layout-flow\" style=\"margin-top:0;margin-bottom:0;padding-top:3%;padding-right:0%;padding-bottom:10%;padding-left:5%\">\n<p><br><\/p>\n\n\n\n<h6 class=\"wp-block-heading\">     . <\/h6>\n\n\n\n<h3 class=\"wp-block-heading\"><strong>\u25b6 Vous \u00eates une entreprise et avez besoin de renforcer votre service informatique<\/strong><\/h3>\n\n\n\n<div style=\"height:34px\" aria-hidden=\"true\" class=\"wp-block-spacer\"><\/div>\n\n\n\n<p>Votre entreprise dispose d\u2019un service informatique interne, mais vous avez besoin d&rsquo;un support ponctuel ou r\u00e9gulier pour rejoindre l&rsquo;\u00e9quipe en place ou remplacer quelqu&rsquo;un, pour des projets sp\u00e9cifiques tels que des migrations, des installations de mat\u00e9riel ou autres besoins techniques ? Contactez-moi pour discuter de la mise en place d\u2019un contrat freelance adapt\u00e9 \u00e0 vos exigences.<\/p>\n\n\n\n<p>Que ce soit une demi journ\u00e9e par semaine pour les petites structures, ou plusieurs jours par semaine pour les plus importantes, je peux, selon la taille de l&rsquo;entreprise, prendre en charge l\u2019ensemble de la gestion, de la maintenance et de l\u2019optimisation de votre infrastructure informatique, ainsi que la formation de vos utilisateurs, dirigeants et collaborateurs. B\u00e9n\u00e9ficiez ainsi d\u2019un service d\u00e9di\u00e9, sans les contraintes d\u2019un recrutement interne, pour am\u00e9liorer votre productivit\u00e9 et votre s\u00e9r\u00e9nit\u00e9.<\/p>\n\n\n\n<p><br><strong>Tarif journalier (TJM) : 400\u20ac <\/strong>, non assujetti \u00e0 la TVA, article 293 B du CGI. <\/p>\n\n\n\n<p>possibilit\u00e9 de contrat a la demi journ\u00e9e.<\/p>\n\n\n\n<div style=\"height:34px\" aria-hidden=\"true\" class=\"wp-block-spacer\"><\/div>\n\n\n\n<p>Vous pouvez retrouver mon <a href=\"https:\/\/www.canva.com\/design\/DAGiu-jS7pg\/3O-Aoq1wQ6b_7RSYOoulfw\/view?utm_content=DAGiu-jS7pg&amp;utm_campaign=designshare&amp;utm_medium=link2&amp;utm_source=uniquelinks&amp;utlId=h56cdc6b52e\"><strong>CV via ce lien<\/strong> <\/a><\/p>\n\n\n\n<div style=\"height:34px\" aria-hidden=\"true\" class=\"wp-block-spacer\"><\/div>\n\n\n\n<p>Pour toute demande, merci de me contacter via le <a data-type=\"page\" data-id=\"254\" href=\"https:\/\/damiengrea.fr\/index.php\/contact\/\"><strong>formulaire de contact<\/strong><\/a>, ou par mail sur <a href=\"mailto:contact@damiengrea.fr\">contact@damiengrea.fr<\/a><\/p>\n<\/div>\n\n\n\n<div style=\"height:calc( 0.25 * var(--wp--style--root--padding-right, var(--wp--custom--gap--horizontal)))\" aria-hidden=\"true\" class=\"wp-block-spacer\"><\/div>\n<\/div>\n\n\n\n<p><\/p>\n","protected":false},"excerpt":{"rendered":"<p>\u25b6 Vous \u00eates une TPE ou PME et n&rsquo;avez pas de service informatique En tant que TPE ou PME sans service informatique interne, vous avez besoin d\u2019une gestion fiable et efficace de vos syst\u00e8mes informatiques car il est un des moteurs de votre activit\u00e9. Je vous propose trois offres de support informatique: . \u25b6 Vous [&hellip;]<\/p>\n","protected":false},"author":1,"featured_media":0,"parent":0,"menu_order":0,"comment_status":"closed","ping_status":"closed","template":"","meta":{"footnotes":""},"class_list":["post-476","page","type-page","status-publish","hentry"],"yoast_head":"<!-- This site is optimized with the Yoast SEO plugin v27.3 - https:\/\/yoast.com\/product\/yoast-seo-wordpress\/ -->\n<title>professionnels: services \/ tarifs - Damien GREA<\/title>\n<meta name=\"robots\" content=\"index, follow, max-snippet:-1, max-image-preview:large, max-video-preview:-1\" \/>\n<link rel=\"canonical\" href=\"https:\/\/damiengrea.fr\/index.php\/professionnels\/\" \/>\n<meta property=\"og:locale\" content=\"fr_FR\" \/>\n<meta property=\"og:type\" content=\"article\" \/>\n<meta property=\"og:title\" content=\"professionnels: services \/ tarifs - Damien GREA\" \/>\n<meta property=\"og:description\" content=\"\u25b6 Vous \u00eates une TPE ou PME et n&rsquo;avez pas de service informatique En tant que TPE ou PME sans service informatique interne, vous avez besoin d\u2019une gestion fiable et efficace de vos syst\u00e8mes informatiques car il est un des moteurs de votre activit\u00e9. Je vous propose trois offres de support informatique: . \u25b6 Vous [&hellip;]\" \/>\n<meta property=\"og:url\" content=\"https:\/\/damiengrea.fr\/index.php\/professionnels\/\" \/>\n<meta property=\"og:site_name\" content=\"Damien GREA\" \/>\n<meta property=\"article:modified_time\" content=\"2026-03-31T15:58:42+00:00\" \/>\n<meta property=\"og:image\" content=\"https:\/\/damiengrea.fr\/wp-content\/uploads\/2026\/01\/Gemini_Generated_Image_q7pwrbq7pwrbq7pw.png\" \/>\n\t<meta property=\"og:image:width\" content=\"1024\" \/>\n\t<meta property=\"og:image:height\" content=\"1024\" \/>\n\t<meta property=\"og:image:type\" content=\"image\/png\" \/>\n<meta name=\"twitter:card\" content=\"summary_large_image\" \/>\n<meta name=\"twitter:site\" content=\"@DG_informatique\" \/>\n<meta name=\"twitter:label1\" content=\"Dur\u00e9e de lecture estim\u00e9e\" \/>\n\t<meta name=\"twitter:data1\" content=\"3 minutes\" \/>\n<script type=\"application\/ld+json\" class=\"yoast-schema-graph\">{\"@context\":\"https:\\\/\\\/schema.org\",\"@graph\":[{\"@type\":\"WebPage\",\"@id\":\"https:\\\/\\\/damiengrea.fr\\\/index.php\\\/professionnels\\\/\",\"url\":\"https:\\\/\\\/damiengrea.fr\\\/index.php\\\/professionnels\\\/\",\"name\":\"professionnels: services \\\/ tarifs - Damien GREA\",\"isPartOf\":{\"@id\":\"https:\\\/\\\/damiengrea.fr\\\/#website\"},\"primaryImageOfPage\":{\"@id\":\"https:\\\/\\\/damiengrea.fr\\\/index.php\\\/professionnels\\\/#primaryimage\"},\"image\":{\"@id\":\"https:\\\/\\\/damiengrea.fr\\\/index.php\\\/professionnels\\\/#primaryimage\"},\"thumbnailUrl\":\"https:\\\/\\\/damiengrea.fr\\\/wp-content\\\/uploads\\\/2026\\\/01\\\/Gemini_Generated_Image_q7pwrbq7pwrbq7pw.png\",\"datePublished\":\"2025-03-28T11:23:55+00:00\",\"dateModified\":\"2026-03-31T15:58:42+00:00\",\"breadcrumb\":{\"@id\":\"https:\\\/\\\/damiengrea.fr\\\/index.php\\\/professionnels\\\/#breadcrumb\"},\"inLanguage\":\"fr-FR\",\"potentialAction\":[{\"@type\":\"ReadAction\",\"target\":[\"https:\\\/\\\/damiengrea.fr\\\/index.php\\\/professionnels\\\/\"]}]},{\"@type\":\"ImageObject\",\"inLanguage\":\"fr-FR\",\"@id\":\"https:\\\/\\\/damiengrea.fr\\\/index.php\\\/professionnels\\\/#primaryimage\",\"url\":\"https:\\\/\\\/damiengrea.fr\\\/wp-content\\\/uploads\\\/2026\\\/01\\\/Gemini_Generated_Image_q7pwrbq7pwrbq7pw.png\",\"contentUrl\":\"https:\\\/\\\/damiengrea.fr\\\/wp-content\\\/uploads\\\/2026\\\/01\\\/Gemini_Generated_Image_q7pwrbq7pwrbq7pw.png\",\"width\":1024,\"height\":1024},{\"@type\":\"BreadcrumbList\",\"@id\":\"https:\\\/\\\/damiengrea.fr\\\/index.php\\\/professionnels\\\/#breadcrumb\",\"itemListElement\":[{\"@type\":\"ListItem\",\"position\":1,\"name\":\"Accueil\",\"item\":\"https:\\\/\\\/damiengrea.fr\\\/\"},{\"@type\":\"ListItem\",\"position\":2,\"name\":\"professionnels: services \\\/ tarifs\"}]},{\"@type\":\"WebSite\",\"@id\":\"https:\\\/\\\/damiengrea.fr\\\/#website\",\"url\":\"https:\\\/\\\/damiengrea.fr\\\/\",\"name\":\"Damien GREA\",\"description\":\"Votre partenaire informatique\",\"publisher\":{\"@id\":\"https:\\\/\\\/damiengrea.fr\\\/#organization\"},\"potentialAction\":[{\"@type\":\"SearchAction\",\"target\":{\"@type\":\"EntryPoint\",\"urlTemplate\":\"https:\\\/\\\/damiengrea.fr\\\/?s={search_term_string}\"},\"query-input\":{\"@type\":\"PropertyValueSpecification\",\"valueRequired\":true,\"valueName\":\"search_term_string\"}}],\"inLanguage\":\"fr-FR\"},{\"@type\":\"Organization\",\"@id\":\"https:\\\/\\\/damiengrea.fr\\\/#organization\",\"name\":\"Damien GREA\",\"url\":\"https:\\\/\\\/damiengrea.fr\\\/\",\"logo\":{\"@type\":\"ImageObject\",\"inLanguage\":\"fr-FR\",\"@id\":\"https:\\\/\\\/damiengrea.fr\\\/#\\\/schema\\\/logo\\\/image\\\/\",\"url\":\"https:\\\/\\\/damiengrea.fr\\\/wp-content\\\/uploads\\\/2025\\\/03\\\/cropped-cropped-2.png\",\"contentUrl\":\"https:\\\/\\\/damiengrea.fr\\\/wp-content\\\/uploads\\\/2025\\\/03\\\/cropped-cropped-2.png\",\"width\":391,\"height\":365,\"caption\":\"Damien GREA\"},\"image\":{\"@id\":\"https:\\\/\\\/damiengrea.fr\\\/#\\\/schema\\\/logo\\\/image\\\/\"},\"sameAs\":[\"https:\\\/\\\/x.com\\\/DG_informatique\"]}]}<\/script>\n<!-- \/ Yoast SEO plugin. -->","yoast_head_json":{"title":"professionnels: services \/ tarifs - Damien GREA","robots":{"index":"index","follow":"follow","max-snippet":"max-snippet:-1","max-image-preview":"max-image-preview:large","max-video-preview":"max-video-preview:-1"},"canonical":"https:\/\/damiengrea.fr\/index.php\/professionnels\/","og_locale":"fr_FR","og_type":"article","og_title":"professionnels: services \/ tarifs - Damien GREA","og_description":"\u25b6 Vous \u00eates une TPE ou PME et n&rsquo;avez pas de service informatique En tant que TPE ou PME sans service informatique interne, vous avez besoin d\u2019une gestion fiable et efficace de vos syst\u00e8mes informatiques car il est un des moteurs de votre activit\u00e9. Je vous propose trois offres de support informatique: . \u25b6 Vous [&hellip;]","og_url":"https:\/\/damiengrea.fr\/index.php\/professionnels\/","og_site_name":"Damien GREA","article_modified_time":"2026-03-31T15:58:42+00:00","og_image":[{"width":1024,"height":1024,"url":"https:\/\/damiengrea.fr\/wp-content\/uploads\/2026\/01\/Gemini_Generated_Image_q7pwrbq7pwrbq7pw.png","type":"image\/png"}],"twitter_card":"summary_large_image","twitter_site":"@DG_informatique","twitter_misc":{"Dur\u00e9e de lecture estim\u00e9e":"3 minutes"},"schema":{"@context":"https:\/\/schema.org","@graph":[{"@type":"WebPage","@id":"https:\/\/damiengrea.fr\/index.php\/professionnels\/","url":"https:\/\/damiengrea.fr\/index.php\/professionnels\/","name":"professionnels: services \/ tarifs - Damien GREA","isPartOf":{"@id":"https:\/\/damiengrea.fr\/#website"},"primaryImageOfPage":{"@id":"https:\/\/damiengrea.fr\/index.php\/professionnels\/#primaryimage"},"image":{"@id":"https:\/\/damiengrea.fr\/index.php\/professionnels\/#primaryimage"},"thumbnailUrl":"https:\/\/damiengrea.fr\/wp-content\/uploads\/2026\/01\/Gemini_Generated_Image_q7pwrbq7pwrbq7pw.png","datePublished":"2025-03-28T11:23:55+00:00","dateModified":"2026-03-31T15:58:42+00:00","breadcrumb":{"@id":"https:\/\/damiengrea.fr\/index.php\/professionnels\/#breadcrumb"},"inLanguage":"fr-FR","potentialAction":[{"@type":"ReadAction","target":["https:\/\/damiengrea.fr\/index.php\/professionnels\/"]}]},{"@type":"ImageObject","inLanguage":"fr-FR","@id":"https:\/\/damiengrea.fr\/index.php\/professionnels\/#primaryimage","url":"https:\/\/damiengrea.fr\/wp-content\/uploads\/2026\/01\/Gemini_Generated_Image_q7pwrbq7pwrbq7pw.png","contentUrl":"https:\/\/damiengrea.fr\/wp-content\/uploads\/2026\/01\/Gemini_Generated_Image_q7pwrbq7pwrbq7pw.png","width":1024,"height":1024},{"@type":"BreadcrumbList","@id":"https:\/\/damiengrea.fr\/index.php\/professionnels\/#breadcrumb","itemListElement":[{"@type":"ListItem","position":1,"name":"Accueil","item":"https:\/\/damiengrea.fr\/"},{"@type":"ListItem","position":2,"name":"professionnels: services \/ tarifs"}]},{"@type":"WebSite","@id":"https:\/\/damiengrea.fr\/#website","url":"https:\/\/damiengrea.fr\/","name":"Damien GREA","description":"Votre partenaire informatique","publisher":{"@id":"https:\/\/damiengrea.fr\/#organization"},"potentialAction":[{"@type":"SearchAction","target":{"@type":"EntryPoint","urlTemplate":"https:\/\/damiengrea.fr\/?s={search_term_string}"},"query-input":{"@type":"PropertyValueSpecification","valueRequired":true,"valueName":"search_term_string"}}],"inLanguage":"fr-FR"},{"@type":"Organization","@id":"https:\/\/damiengrea.fr\/#organization","name":"Damien GREA","url":"https:\/\/damiengrea.fr\/","logo":{"@type":"ImageObject","inLanguage":"fr-FR","@id":"https:\/\/damiengrea.fr\/#\/schema\/logo\/image\/","url":"https:\/\/damiengrea.fr\/wp-content\/uploads\/2025\/03\/cropped-cropped-2.png","contentUrl":"https:\/\/damiengrea.fr\/wp-content\/uploads\/2025\/03\/cropped-cropped-2.png","width":391,"height":365,"caption":"Damien GREA"},"image":{"@id":"https:\/\/damiengrea.fr\/#\/schema\/logo\/image\/"},"sameAs":["https:\/\/x.com\/DG_informatique"]}]}},"_links":{"self":[{"href":"https:\/\/damiengrea.fr\/index.php\/wp-json\/wp\/v2\/pages\/476","targetHints":{"allow":["GET"]}}],"collection":[{"href":"https:\/\/damiengrea.fr\/index.php\/wp-json\/wp\/v2\/pages"}],"about":[{"href":"https:\/\/damiengrea.fr\/index.php\/wp-json\/wp\/v2\/types\/page"}],"author":[{"embeddable":true,"href":"https:\/\/damiengrea.fr\/index.php\/wp-json\/wp\/v2\/users\/1"}],"replies":[{"embeddable":true,"href":"https:\/\/damiengrea.fr\/index.php\/wp-json\/wp\/v2\/comments?post=476"}],"version-history":[{"count":35,"href":"https:\/\/damiengrea.fr\/index.php\/wp-json\/wp\/v2\/pages\/476\/revisions"}],"predecessor-version":[{"id":603,"href":"https:\/\/damiengrea.fr\/index.php\/wp-json\/wp\/v2\/pages\/476\/revisions\/603"}],"wp:attachment":[{"href":"https:\/\/damiengrea.fr\/index.php\/wp-json\/wp\/v2\/media?parent=476"}],"curies":[{"name":"wp","href":"https:\/\/api.w.org\/{rel}","templated":true}]}}